{"id":31,"date":"2019-03-08T10:15:52","date_gmt":"2019-03-08T10:15:52","guid":{"rendered":"http:\/\/xn--baggerbetrieb-lck-e0ba.de\/?page_id=31"},"modified":"2019-03-08T14:17:03","modified_gmt":"2019-03-08T14:17:03","slug":"startseite","status":"publish","type":"page","link":"https:\/\/xn--baggerbetrieb-lck-e0ba.de\/","title":{"rendered":"Baggerbetrieb L\u00f6\u00f6ck"},"content":{"rendered":"\n<div class=\"wp-block-image\"><figure class=\"aligncenter\"><img fetchpriority=\"high\" decoding=\"async\" width=\"900\" height=\"675\" src=\"https:\/\/xn--baggerbetrieb-lck-e0ba.de\/wp-content\/uploads\/2019\/03\/25.03.2014-307-01.jpg\" alt=\"\" class=\"wp-image-21\" srcset=\"https:\/\/xn--baggerbetrieb-lck-e0ba.de\/wp-content\/uploads\/2019\/03\/25.03.2014-307-01.jpg 900w, https:\/\/xn--baggerbetrieb-lck-e0ba.de\/wp-content\/uploads\/2019\/03\/25.03.2014-307-01-300x225.jpg 300w, https:\/\/xn--baggerbetrieb-lck-e0ba.de\/wp-content\/uploads\/2019\/03\/25.03.2014-307-01-768x576.jpg 768w\" sizes=\"(max-width: 900px) 100vw, 900px\" \/><\/figure><\/div>\n\n\n<div id=\"content\">\n<p>\u00a0<\/p>\n<p><strong><span style=\"font-family: georgia, palatino, serif;\">Zu meiner Person<\/span><\/strong><\/p>\n<p><span style=\"font-size: medium; font-family: georgia, palatino, serif;\">Aus einem landwirtschaftlichen Betrieb kommend, waren schon immer Trecker und Co. ein Bestandteil meines Lebens. Im Anschluss meines Grundwehrdienstes absolvierte ich die Ausbildung als Tischler. Im Jahr 1997 ging ich den Weg in die Selbst\u00e4ndigkeit und habe \u00a0zusammen mit meinem Vater die Firma aufgebaut. Mein Vater schied 2004 aus Altersgr\u00fcnden aus.<\/span><\/p>\n<div class=\"articlearea\">\n<p><span style=\"font-family: georgia, palatino, serif;\"><span style=\"font-size: medium;\">Mit einem Bagger, einem Trecker und Tieflader wurden die ersten Arbeiten im Landwirtschaftlichen Bereich get\u00e4tigt.<\/span><\/span><\/p>\n<p><span style=\"font-family: georgia, palatino, serif;\"><span style=\"font-size: medium;\">Mittlerweile verrichten wir jegliche Arbeiten rund um Haus und Grundst\u00fcck.<\/span><\/span><\/p>\n<p><span style=\"font-family: georgia, palatino, serif;\"><span style=\"font-size: medium;\">Ein hohes Ma\u00df an fachlichem Wissen und der absolute Servicegedanke zeichnen uns aus. Wir k\u00f6nnen individuell auf die W\u00fcnsche unserer Auftraggeber eingehen und Preise werden je nach Auftragsvolumen mit dem Kunden verhandelt. Somit ist gew\u00e4hrleistet, jeden Kunden projektgerecht zu bedienen und zufriedenzustellen.<\/span> \u00a0\u00a0<\/span><\/p>\n<\/div>\n<\/div>","protected":false},"excerpt":{"rendered":"<p>\u00a0 Zu meiner Person Aus einem landwirtschaftlichen Betrieb kommend, waren schon immer Trecker und Co. ein Bestandteil meines Lebens. Im Anschluss meines Grundwehrdienstes absolvierte ich die Ausbildung als Tischler. Im Jahr 1997 ging ich den Weg in die Selbst\u00e4ndigkeit und habe \u00a0zusammen mit meinem Vater die Firma aufgebaut. Mein Vater schied 2004 aus Altersgr\u00fcnden aus. Mit einem Bagger, einem Trecker und Tieflader wurden die ersten Arbeiten im Landwirtschaftlichen Bereich get\u00e4tigt. Mittlerweile verrichten wir jegliche Arbeiten rund um Haus und Grundst\u00fcck. Ein hohes Ma\u00df an fachlichem Wissen und der absolute Servicegedanke zeichnen uns aus. Wir k\u00f6nnen individuell auf die W\u00fcnsche unserer Auftraggeber eingehen und Preise werden je nach Auftragsvolumen mit dem Kunden verhandelt. Somit ist gew\u00e4hrleistet, jeden Kunden projektgerecht zu bedienen und zufriedenzustellen. \u00a0\u00a0<\/p>\n","protected":false},"author":1,"featured_media":0,"parent":0,"menu_order":0,"comment_status":"closed","ping_status":"closed","template":"","meta":{"footnotes":""},"_links":{"self":[{"href":"https:\/\/xn--baggerbetrieb-lck-e0ba.de\/index.php?rest_route=\/wp\/v2\/pages\/31"}],"collection":[{"href":"https:\/\/xn--baggerbetrieb-lck-e0ba.de\/index.php?rest_route=\/wp\/v2\/pages"}],"about":[{"href":"https:\/\/xn--baggerbetrieb-lck-e0ba.de\/index.php?rest_route=\/wp\/v2\/types\/page"}],"author":[{"embeddable":true,"href":"https:\/\/xn--baggerbetrieb-lck-e0ba.de\/index.php?rest_route=\/wp\/v2\/users\/1"}],"replies":[{"embeddable":true,"href":"https:\/\/xn--baggerbetrieb-lck-e0ba.de\/index.php?rest_route=%2Fwp%2Fv2%2Fcomments&post=31"}],"version-history":[{"count":10,"href":"https:\/\/xn--baggerbetrieb-lck-e0ba.de\/index.php?rest_route=\/wp\/v2\/pages\/31\/revisions"}],"predecessor-version":[{"id":151,"href":"https:\/\/xn--baggerbetrieb-lck-e0ba.de\/index.php?rest_route=\/wp\/v2\/pages\/31\/revisions\/151"}],"wp:attachment":[{"href":"https:\/\/xn--baggerbetrieb-lck-e0ba.de\/index.php?rest_route=%2Fwp%2Fv2%2Fmedia&parent=31"}],"curies":[{"name":"wp","href":"https:\/\/api.w.org\/{rel}","templated":true}]}}