{"id":140,"date":"2019-03-08T14:08:37","date_gmt":"2019-03-08T14:08:37","guid":{"rendered":"http:\/\/xn--baggerbetrieb-lck-e0ba.de\/?page_id=140"},"modified":"2019-03-08T14:25:56","modified_gmt":"2019-03-08T14:25:56","slug":"impressum","status":"publish","type":"page","link":"https:\/\/xn--baggerbetrieb-lck-e0ba.de\/?page_id=140","title":{"rendered":"Impressum"},"content":{"rendered":"\n<p>\u00a0<\/p>\n<p><span style=\"font-family: Georgia;\">Angaben gem\u00e4\u00df \u00a7 5 TMG<\/span><\/p>\n<p><span style=\"font-family: Georgia;\"><strong>Markus L\u00f6\u00f6ck<br \/>H\u00fcttenland 1<br \/>24358 H\u00fctten<\/strong><\/span><\/p>\n<p><span style=\"font-family: Georgia;\"><strong>Vertreten durch:<\/strong><\/span><br \/><span style=\"font-family: Georgia;\">Markus L\u00f6\u00f6ck<\/span><\/p>\n<p><span style=\"font-family: Georgia;\"><strong>Kontakt:<\/strong><\/span><br \/><span style=\"font-family: Georgia;\">Telefon: 0173 9114487<\/span><br \/><span style=\"font-family: Georgia;\">E-Mail: <a href=\"mailto:info@baggerbetrieb-l%C3%B6%C3%B6ck.de\">info@baggerbetrieb-l\u00f6\u00f6ck.de<\/a><\/span><br \/><span style=\"font-family: Georgia;\">Internet: <a href=\"https:\/\/baggerbetrieb-l\u00f6\u00f6ck.de\">www.baggerbetrieb-l\u00f6\u00f6ck.de<\/a><\/span><\/p>\n<p><span style=\"font-family: Georgia;\"><strong>Umsatzsteuer-ID:<\/strong><\/span><br \/><span style=\"font-family: Georgia;\">DE 24 155 6675<\/span><br \/><span style=\"font-size: small; font-family: Georgia;\">Umsatzsteuer-Identifikationsnummer gem\u00e4\u00df \u00a727a Umsatzsteuergesetz<br \/><\/span><\/p>\n<p><span style=\"font-family: Georgia;\"><strong>Steuernummer:<\/strong><\/span><br \/><span style=\"font-family: Georgia;\">29 128 02062<\/span><\/p>\n<p><span style=\"font-family: Georgia;\"><strong><span style=\"font-size: 20px;\">Haftungsausschluss<\/span>:<\/strong><\/span><\/p>\n<p><span style=\"font-family: Georgia;\"><strong>Haftung f\u00fcr Inhalte<br \/><\/strong>Die Inhalte unserer Seiten wurden mit gr\u00f6\u00dfter Sorgfalt erstellt. F\u00fcr die Richtigkeit, Vollst\u00e4ndigkeit und Aktualit\u00e4t der Inhalte k\u00f6nnen wir jedoch keine Gew\u00e4hr \u00fcbernehmen. Als Diensteanbieter sind wir gem\u00e4\u00df \u00a7 7 Abs.1 TMG f\u00fcr eigene Inhalte auf diesen Seiten nach den allgemeinen \u00a0Gesetzen verantwortlich. Nach \u00a7\u00a7 8 bis 10 TMG sind wir als Diensteanbieter jedoch nicht verpflichtet, \u00fcbermittelte oder gespeicherte fremde Informationen zu \u00fcberwachen oder nach Umst\u00e4nden zu forschen, die auf eine rechtswidrige T\u00e4tigkeit hinweisen. Verpflichtungen zur Entfernung oder Sperrung der Nutzung von Informationen nach den allgemeinen Gesetzen bleiben hiervon unber\u00fchrt. Eine diesbez\u00fcgliche Haftung ist jedoch erst ab dem Zeitpunkt der Kenntnis einer konkreten Rechtsverletzung m\u00f6glich. Bei Bekanntwerden von entsprechenden Rechtsverletzungen werden wir diese Inhalte umgehend entfernen.<\/span><\/p>\n<p><span style=\"font-family: Georgia;\"><strong>Urheberrecht<br \/><\/strong>Die durch die Seitenbetreiber erstellten Inhalte und Werke auf diesen Seiten unterliegen dem deutschen Urheberrecht. Die Vervielf\u00e4ltigung, Bearbeitung, Verbreitung und jede Art der Verwertung au\u00dferhalb der Grenzen des Urheberrechtes bed\u00fcrfen der schriftlichen Zustimmung des jeweiligen Autors bzw. Erstellers. Downloads und Kopien dieser Seite sind nur f\u00fcr den privaten, nicht kommerziellen Gebrauch gestattet. Soweit die Inhalte auf dieser Seite nicht vom Betreiber erstellt wurden, werden die Urheberrechte Dritter beachtet. Insbesondere werden Inhalte Dritter als solche gekennzeichnet. Sollten Sie trotzdem auf eine Urheberrechtsverletzung aufmerksam werden, bitten wir um einen entsprechenden Hinweis. Bei Bekanntwerden von Rechtsverletzungen werden wir derartige Inhalte umgehend entfernen.<\/span><\/p>\n<p><span style=\"font-family: Georgia;\"><b>Kommentarfunktionen<br \/><\/b>Im Rahmen der Kommentarfunktion erheben wir personenbezogene Daten (z.B. Name, E-Mail) im Rahmen Ihrer Kommentierung zu einem Beitrag nur in dem Umfang wie Sie ihn uns mitgeteilt haben. Bei der Ver\u00f6ffentlichung eines Kommentars wird die von Ihnen angegebene Email-Adresse gespeichert, aber nicht ver\u00f6ffentlicht. Ihr Name wird ver\u00f6ffentlicht, wenn Sie nicht unter Pseudonym geschrieben haben.<\/span><\/p>\n<p><span style=\"font-family: Georgia;\"><strong>Browser Plugin<br \/><\/strong>Sie k\u00f6nnen die \u00a0Speicherung der Cookies durch eine entsprechende Einstellung Ihrer \u00a0Browser-Software verhindern; wir weisen Sie jedoch darauf hin, dass Sie in diesem Fall gegebenenfalls nicht s\u00e4mtliche Funktionen dieser Website vollumf\u00e4nglich werden nutzen k\u00f6nnen. Sie k\u00f6nnen dar\u00fcber hinaus die Erfassung der durch den Cookie erzeugten und auf Ihre Nutzung der \u00a0Website bezogenen Daten (inkl. Ihrer IP-Adresse) an Google sowie die \u00a0Verarbeitung dieser Daten durch Google verhindern, indem Sie das unter \u00a0dem folgenden Link verf\u00fcgbare Browser-Plugin herunterladen und \u00a0installieren: <a href=\"http:\/\/rendering\/33500#\" data-linkid=\"4\">https:\/\/tools.google.com\/dlpage\/gaoptout?hl=de<\/a><\/span><\/p>\n<p><span style=\"font-family: Georgia;\"><b>Datenschutzerkl\u00e4rung f\u00fcr das \u201eGoogle AdWords Conversion-Tracking\u201c von Google Inc.<br \/><\/b>Diese Website verwendet die \u201eGoogle AdWords Conversion-Tracking\u201c- Funktion der Google Inc., 1600 Amphitheatre Parkway, Mountain View, CA 94043, United States (\u201eGoogle\u201c). Google AdWords Conversion-Tracking verwendet sog. \u201eCookies\u201c, Textdateien, die auf Ihrem Computer gespeichert werden und die eine Analyse der Benutzung der Website durch Sie erm\u00f6glichen, wenn Sie auf eine Google-Anzeige gekickt haben. Die Cookies sind maximal 90 Tagen g\u00fcltig. Personenbezogene Daten werden dabei nicht gespeichert. Solange das Cookie g\u00fcltig ist, k\u00f6nnen Google und wir als Webseitenbetreiber erkennen, dass Sie eine Anzeige geklickt haben und zu einer bestimmten Zielseite (z.B. Bestellbest\u00e4tigungsseite, Newsletteranmeldung) gelangt sind. Diese Cookies k\u00f6nnen nicht \u00fcber mehrere Websites von verschiedenen AdWords-Teilnehmern nachverfolgt werden k\u00f6nnen. Durch das Cookie werden in \u201eGoogle AdWords\u201c Conversion-Statistiken erstellt. In diesen Statistiken wird die Anzahl der Nutzer, die auf eine unserer Anzeige geklickt haben, erfasst. Zudem wird gez\u00e4hlt, wie viele Nutzer zu einer Zielseite, die mit einem \u201eConversion-Tag\u201c versehen worden ist, gelangt sind. Die Statistiken enthalten jedoch keine Daten, mit denen Sie sich identifizieren lassen.<\/span><\/p>\n<div>\n<div><span style=\"font-family: Georgia;\">Das Speichern von Cookies auf Ihrer Festplatte k\u00f6nnen Sie verhindern, indem Sie in Ihren Browser-Einstellungen \u201ekeine Cookies akzeptieren\u201c w\u00e4hlen (Im MS Internet-Explorer unter \u201eExtras &gt; Internetoptionen &gt; Datenschutz &gt; Einstellung\u201c; im Firefox unter \u201eExtras &gt; Einstellungen &gt; Datenschutz &gt; Cookies\u201c); wir weisen Sie jedoch darauf hin, dass Sie in diesem Fall gegebenenfalls nicht s\u00e4mtliche Funktionen dieser Website voll umf\u00e4nglich nutzen k\u00f6nnen. Durch die Nutzung dieser Website erkl\u00e4ren Sie sich mit der Bearbeitung der \u00fcber Sie erhobenen Daten durch Google in der zuvor beschriebenen Art und Weise und zu dem zuvor benannten Zweck einverstanden. Weitere Informationen dar\u00fcber wie Google Conversion-Daten verwendet sowie die Datenschutzerkl\u00e4rung von Google finden Sie unter: <a href=\"http:\/\/rendering\/33500#\" data-linkid=\"5\">https:\/\/support.google.com\/adwords\/answer\/93148?ctx=tltp, http:\/\/www.google.de\/policies\/privacy\/<\/a><\/span><\/div>\n<div>\u00a0<\/div>\n<div><span style=\"font-family: Georgia;\"><strong>SSL-Verschl\u00fcsselung<br \/><\/strong>Diese Seite nutzt \u00a0aus Gr\u00fcnden der Sicherheit und zum Schutz der \u00dcbertragung vertraulicher \u00a0Inhalte, wie zum Beispiel der Anfragen, die Sie an uns als Seitenbetreiber senden, eine SSL-Verschl\u00fcsselung. Eine verschl\u00fcsselte Verbindung erkennen Sie daran, dass die Adresszeile des Browsers von \u201ehttp:\/\/\u201c auf \u201ehttps:\/\/\u201c wechselt und an dem Schloss-Symbol in Ihrer \u00a0Browserzeile.<\/span><\/div>\n<div>\n<div><span style=\"font-family: Georgia;\">Wenn die SSL Verschl\u00fcsselung aktiviert ist, k\u00f6nnen die Daten, die Sie an uns \u00fcbermitteln, nicht von Dritten mitgelesen werden.<\/span><\/div>\n<div>\u00a0<\/div>\n<div><b style=\"font-family: Georgia;\">Auskunftsrecht<br \/><\/b><span style=\"font-family: Georgia;\">Sie haben das jederzeitige Recht, sich unentgeltlich und unverz\u00fcglich \u00fcber die zu Ihrer Person erhobenen Daten zu erkundigen. Sie haben das jederzeitige Recht, Ihre Zustimmung zur Verwendung Ihrer angegeben pers\u00f6nlichen Daten mit Wirkung f\u00fcr die Zukunft zu widerrufen. Zur Auskunftserteilung wenden Sie sich bitte an den Anbieter unter den Kontaktdaten im Impressum.<\/span><\/div>\n<\/div>\n<\/div>\n","protected":false},"excerpt":{"rendered":"<p>\u00a0 Angaben gem\u00e4\u00df \u00a7 5 TMG Markus L\u00f6\u00f6ckH\u00fcttenland 124358 H\u00fctten Vertreten durch:Markus L\u00f6\u00f6ck Kontakt:Telefon: 0173 9114487E-Mail: info@baggerbetrieb-l\u00f6\u00f6ck.deInternet: www.baggerbetrieb-l\u00f6\u00f6ck.de Umsatzsteuer-ID:DE 24 155 6675Umsatzsteuer-Identifikationsnummer gem\u00e4\u00df \u00a727a Umsatzsteuergesetz Steuernummer:29 128 02062 Haftungsausschluss: Haftung f\u00fcr InhalteDie Inhalte unserer Seiten wurden mit gr\u00f6\u00dfter Sorgfalt erstellt. F\u00fcr die Richtigkeit, Vollst\u00e4ndigkeit und Aktualit\u00e4t der Inhalte k\u00f6nnen wir jedoch keine Gew\u00e4hr \u00fcbernehmen. Als Diensteanbieter sind wir gem\u00e4\u00df \u00a7 7 Abs.1 TMG f\u00fcr eigene Inhalte auf diesen Seiten nach den allgemeinen \u00a0Gesetzen verantwortlich. Nach \u00a7\u00a7 8 bis 10 TMG sind wir als Diensteanbieter jedoch nicht verpflichtet, \u00fcbermittelte oder gespeicherte fremde Informationen zu \u00fcberwachen oder nach Umst\u00e4nden zu forschen, die auf eine rechtswidrige T\u00e4tigkeit hinweisen. Verpflichtungen zur Entfernung oder Sperrung der Nutzung von Informationen nach den allgemeinen Gesetzen bleiben hiervon unber\u00fchrt. Eine diesbez\u00fcgliche Haftung ist jedoch erst ab dem Zeitpunkt der Kenntnis einer konkreten Rechtsverletzung m\u00f6glich. Bei Bekanntwerden von entsprechenden Rechtsverletzungen werden wir diese Inhalte umgehend entfernen. UrheberrechtDie durch die Seitenbetreiber erstellten Inhalte und Werke auf diesen Seiten unterliegen dem deutschen Urheberrecht. Die Vervielf\u00e4ltigung, Bearbeitung, Verbreitung und jede Art der Verwertung au\u00dferhalb der Grenzen des Urheberrechtes bed\u00fcrfen der schriftlichen Zustimmung des jeweiligen Autors bzw. Erstellers. Downloads und Kopien dieser Seite sind nur f\u00fcr den privaten, nicht kommerziellen Gebrauch gestattet. Soweit die Inhalte auf dieser Seite nicht vom Betreiber erstellt wurden, werden die Urheberrechte Dritter beachtet. Insbesondere werden Inhalte Dritter als solche gekennzeichnet. Sollten Sie trotzdem auf eine Urheberrechtsverletzung aufmerksam werden, bitten wir um einen entsprechenden Hinweis. Bei Bekanntwerden von Rechtsverletzungen werden wir derartige Inhalte umgehend entfernen. KommentarfunktionenIm Rahmen der Kommentarfunktion erheben wir personenbezogene Daten (z.B. Name, E-Mail) im Rahmen Ihrer Kommentierung zu einem Beitrag nur in dem Umfang wie Sie ihn uns mitgeteilt haben. Bei der Ver\u00f6ffentlichung eines Kommentars wird die von Ihnen angegebene Email-Adresse gespeichert, aber nicht ver\u00f6ffentlicht. Ihr Name wird ver\u00f6ffentlicht, wenn Sie nicht unter Pseudonym geschrieben haben. Browser PluginSie k\u00f6nnen die \u00a0Speicherung der Cookies durch eine entsprechende Einstellung Ihrer \u00a0Browser-Software verhindern; wir weisen Sie jedoch darauf hin, dass Sie in diesem Fall gegebenenfalls nicht s\u00e4mtliche Funktionen dieser Website vollumf\u00e4nglich werden nutzen k\u00f6nnen. Sie k\u00f6nnen dar\u00fcber hinaus die Erfassung der durch den Cookie erzeugten und auf Ihre Nutzung der \u00a0Website bezogenen Daten (inkl. Ihrer IP-Adresse) an Google sowie die \u00a0Verarbeitung dieser Daten durch Google verhindern, indem Sie das unter \u00a0dem folgenden Link verf\u00fcgbare Browser-Plugin herunterladen und \u00a0installieren: https:\/\/tools.google.com\/dlpage\/gaoptout?hl=de Datenschutzerkl\u00e4rung f\u00fcr das \u201eGoogle AdWords Conversion-Tracking\u201c von Google Inc.Diese Website verwendet die \u201eGoogle AdWords Conversion-Tracking\u201c- Funktion der Google Inc., 1600 Amphitheatre Parkway, Mountain View, CA 94043, United States (\u201eGoogle\u201c). Google AdWords Conversion-Tracking verwendet sog. \u201eCookies\u201c, Textdateien, die auf Ihrem Computer gespeichert werden und die eine Analyse der Benutzung der Website durch Sie erm\u00f6glichen, wenn Sie auf eine Google-Anzeige gekickt haben. Die Cookies sind maximal 90 Tagen g\u00fcltig. Personenbezogene Daten werden dabei nicht gespeichert. Solange das Cookie g\u00fcltig ist, k\u00f6nnen Google und wir als Webseitenbetreiber erkennen, dass Sie eine Anzeige geklickt haben und zu einer bestimmten Zielseite (z.B. Bestellbest\u00e4tigungsseite, Newsletteranmeldung) gelangt sind. Diese Cookies k\u00f6nnen nicht \u00fcber mehrere Websites von verschiedenen AdWords-Teilnehmern nachverfolgt werden k\u00f6nnen. Durch das Cookie werden in \u201eGoogle AdWords\u201c Conversion-Statistiken erstellt. In diesen Statistiken wird die Anzahl der Nutzer, die auf eine unserer Anzeige geklickt haben, erfasst. Zudem wird gez\u00e4hlt, wie viele Nutzer zu einer Zielseite, die mit einem \u201eConversion-Tag\u201c versehen worden ist, gelangt sind. Die Statistiken enthalten jedoch keine Daten, mit denen Sie sich identifizieren lassen. Das Speichern von Cookies auf Ihrer Festplatte k\u00f6nnen Sie verhindern, indem Sie in Ihren Browser-Einstellungen \u201ekeine Cookies akzeptieren\u201c w\u00e4hlen (Im MS Internet-Explorer unter \u201eExtras &gt; Internetoptionen &gt; Datenschutz &gt; Einstellung\u201c; im Firefox unter \u201eExtras &gt; Einstellungen &gt; Datenschutz &gt; Cookies\u201c); wir weisen Sie jedoch darauf hin, dass Sie in diesem Fall gegebenenfalls nicht s\u00e4mtliche Funktionen dieser Website voll umf\u00e4nglich nutzen k\u00f6nnen. Durch die Nutzung dieser Website erkl\u00e4ren Sie sich mit der Bearbeitung der \u00fcber Sie erhobenen Daten durch Google in der zuvor beschriebenen Art und Weise und zu dem zuvor benannten Zweck einverstanden. Weitere Informationen dar\u00fcber wie Google Conversion-Daten verwendet sowie die Datenschutzerkl\u00e4rung von Google finden Sie unter: https:\/\/support.google.com\/adwords\/answer\/93148?ctx=tltp, http:\/\/www.google.de\/policies\/privacy\/ \u00a0 SSL-Verschl\u00fcsselungDiese Seite nutzt \u00a0aus Gr\u00fcnden der Sicherheit und zum Schutz der \u00dcbertragung vertraulicher \u00a0Inhalte, wie zum Beispiel der Anfragen, die Sie an uns als Seitenbetreiber senden, eine SSL-Verschl\u00fcsselung. Eine verschl\u00fcsselte Verbindung erkennen Sie daran, dass die Adresszeile des Browsers von \u201ehttp:\/\/\u201c auf \u201ehttps:\/\/\u201c wechselt und an dem Schloss-Symbol in Ihrer \u00a0Browserzeile. Wenn die SSL Verschl\u00fcsselung aktiviert ist, k\u00f6nnen die Daten, die Sie an uns \u00fcbermitteln, nicht von Dritten mitgelesen werden. \u00a0 AuskunftsrechtSie haben das jederzeitige Recht, sich unentgeltlich und unverz\u00fcglich \u00fcber die zu Ihrer Person erhobenen Daten zu erkundigen. Sie haben das jederzeitige Recht, Ihre Zustimmung zur Verwendung Ihrer angegeben pers\u00f6nlichen Daten mit Wirkung f\u00fcr die Zukunft zu widerrufen. Zur Auskunftserteilung wenden Sie sich bitte an den Anbieter unter den Kontaktdaten im Impressum.<\/p>\n","protected":false},"author":1,"featured_media":0,"parent":0,"menu_order":0,"comment_status":"closed","ping_status":"closed","template":"","meta":{"footnotes":""},"_links":{"self":[{"href":"https:\/\/xn--baggerbetrieb-lck-e0ba.de\/index.php?rest_route=\/wp\/v2\/pages\/140"}],"collection":[{"href":"https:\/\/xn--baggerbetrieb-lck-e0ba.de\/index.php?rest_route=\/wp\/v2\/pages"}],"about":[{"href":"https:\/\/xn--baggerbetrieb-lck-e0ba.de\/index.php?rest_route=\/wp\/v2\/types\/page"}],"author":[{"embeddable":true,"href":"https:\/\/xn--baggerbetrieb-lck-e0ba.de\/index.php?rest_route=\/wp\/v2\/users\/1"}],"replies":[{"embeddable":true,"href":"https:\/\/xn--baggerbetrieb-lck-e0ba.de\/index.php?rest_route=%2Fwp%2Fv2%2Fcomments&post=140"}],"version-history":[{"count":4,"href":"https:\/\/xn--baggerbetrieb-lck-e0ba.de\/index.php?rest_route=\/wp\/v2\/pages\/140\/revisions"}],"predecessor-version":[{"id":156,"href":"https:\/\/xn--baggerbetrieb-lck-e0ba.de\/index.php?rest_route=\/wp\/v2\/pages\/140\/revisions\/156"}],"wp:attachment":[{"href":"https:\/\/xn--baggerbetrieb-lck-e0ba.de\/index.php?rest_route=%2Fwp%2Fv2%2Fmedia&parent=140"}],"curies":[{"name":"wp","href":"https:\/\/api.w.org\/{rel}","templated":true}]}}